{"id":3436,"date":"2019-03-24T17:13:58","date_gmt":"2019-03-24T17:13:58","guid":{"rendered":"https:\/\/ergewa-erfurt.de\/?page_id=3436"},"modified":"2020-08-16T08:27:56","modified_gmt":"2020-08-16T08:27:56","slug":"gewerbepark-kuehnhausen-2-2","status":"publish","type":"page","link":"https:\/\/ergewa-erfurt.de\/?page_id=3436","title":{"rendered":"Gewerbepark Blumenstra\u00dfe 70\/71"},"content":{"rendered":"<div  class='avia-slideshow av-jy2xs6y9-dc681e86ad4e5264b9ff53b129da45c1 avia-slideshow-featured av_slideshow avia-slide-slider  avia-builder-el-0  el_before_av_one_fifth  avia-builder-el-first  av-slideshow-ui av-control-default av-slideshow-manual av-loop-once av-loop-manual-endless av-default-height-applied avia-slideshow-1' data-slideshow-options=\"{&quot;animation&quot;:&quot;slide&quot;,&quot;autoplay&quot;:false,&quot;loop_autoplay&quot;:&quot;once&quot;,&quot;interval&quot;:5,&quot;loop_manual&quot;:&quot;manual-endless&quot;,&quot;autoplay_stopper&quot;:false,&quot;noNavigation&quot;:false,&quot;bg_slider&quot;:false,&quot;keep_padding&quot;:false,&quot;hoverpause&quot;:false,&quot;show_slide_delay&quot;:0}\"  itemprop=\"image\" itemscope=\"itemscope\" itemtype=\"https:\/\/schema.org\/ImageObject\" ><ul class='avia-slideshow-inner ' style='padding-bottom: 28%;'><li  class='avia-slideshow-slide av-jy2xs6y9-dc681e86ad4e5264b9ff53b129da45c1__0  slide-1 slide-odd'><div data-rel='slideshow-1' class='avia-slide-wrap '   ><img decoding=\"async\" fetchpriority=\"high\" class=\"wp-image-3359 avia-img-lazy-loading-not-3359\"  src=\"https:\/\/ergewa-erfurt.de\/wp-content\/uploads\/2019\/03\/Einfahrt-1500-1500x420.jpg\" width=\"1500\" height=\"420\" title='Einfahrt-1500' alt=''  itemprop=\"thumbnailUrl\" srcset=\"https:\/\/ergewa-erfurt.de\/wp-content\/uploads\/2019\/03\/Einfahrt-1500.jpg 1500w, https:\/\/ergewa-erfurt.de\/wp-content\/uploads\/2019\/03\/Einfahrt-1500-300x84.jpg 300w, https:\/\/ergewa-erfurt.de\/wp-content\/uploads\/2019\/03\/Einfahrt-1500-768x215.jpg 768w, https:\/\/ergewa-erfurt.de\/wp-content\/uploads\/2019\/03\/Einfahrt-1500-1030x288.jpg 1030w, https:\/\/ergewa-erfurt.de\/wp-content\/uploads\/2019\/03\/Einfahrt-1500-705x197.jpg 705w, https:\/\/ergewa-erfurt.de\/wp-content\/uploads\/2019\/03\/Einfahrt-1500-450x126.jpg 450w\" sizes=\"(max-width: 1500px) 100vw, 1500px\" \/><\/div><\/li><li  class='avia-slideshow-slide av-jy2xs6y9-dc681e86ad4e5264b9ff53b129da45c1__1  slide-2 slide-even'><div data-rel='slideshow-1' class='avia-slide-wrap '   ><img decoding=\"async\" fetchpriority=\"high\" class=\"wp-image-3686 avia-img-lazy-loading-not-3686\"  src=\"https:\/\/ergewa-erfurt.de\/wp-content\/uploads\/2020\/08\/ergewa-h1-1500x430.jpg\" width=\"1500\" height=\"430\" title='ergewa-h1' alt=''  itemprop=\"thumbnailUrl\" srcset=\"https:\/\/ergewa-erfurt.de\/wp-content\/uploads\/2020\/08\/ergewa-h1.jpg 1500w, https:\/\/ergewa-erfurt.de\/wp-content\/uploads\/2020\/08\/ergewa-h1-300x86.jpg 300w, https:\/\/ergewa-erfurt.de\/wp-content\/uploads\/2020\/08\/ergewa-h1-1030x295.jpg 1030w, https:\/\/ergewa-erfurt.de\/wp-content\/uploads\/2020\/08\/ergewa-h1-768x220.jpg 768w, https:\/\/ergewa-erfurt.de\/wp-content\/uploads\/2020\/08\/ergewa-h1-705x202.jpg 705w\" sizes=\"(max-width: 1500px) 100vw, 1500px\" \/><\/div><\/li><li  class='avia-slideshow-slide av-jy2xs6y9-dc681e86ad4e5264b9ff53b129da45c1__2  slide-3 slide-odd'><div data-rel='slideshow-1' class='avia-slide-wrap '   ><img decoding=\"async\" fetchpriority=\"high\" class=\"wp-image-3681 avia-img-lazy-loading-not-3681\"  src=\"https:\/\/ergewa-erfurt.de\/wp-content\/uploads\/2020\/08\/ergewa-garagen-1500x430.jpg\" width=\"1500\" height=\"430\" title='ergewa-garagen' alt=''  itemprop=\"thumbnailUrl\"   \/><\/div><\/li><\/ul><div class='avia-slideshow-arrows avia-slideshow-controls' ><a href='#prev' class='prev-slide  avia-svg-icon avia-font-svg_entypo-fontello' data-av_svg_icon='left-open-big' data-av_iconset='svg_entypo-fontello' tabindex='-1' title=\"Zur\u00fcck\"><svg version=\"1.1\" xmlns=\"http:\/\/www.w3.org\/2000\/svg\" width=\"15\" height=\"32\" viewBox=\"0 0 15 32\" preserveAspectRatio=\"xMidYMid meet\" aria-labelledby='av-svg-title-1' aria-describedby='av-svg-desc-1' role=\"graphics-symbol\" aria-hidden=\"true\">\n<title id='av-svg-title-1'>Zur\u00fcck<\/title>\n<desc id='av-svg-desc-1'>Zur\u00fcck<\/desc>\n<path d=\"M14.464 27.84q0.832 0.832 0 1.536-0.832 0.832-1.536 0l-12.544-12.608q-0.768-0.768 0-1.6l12.544-12.608q0.704-0.832 1.536 0 0.832 0.704 0 1.536l-11.456 11.904z\"><\/path>\n<\/svg><span class='avia_hidden_link_text'>Zur\u00fcck<\/span><\/a><a href='#next' class='next-slide  avia-svg-icon avia-font-svg_entypo-fontello' data-av_svg_icon='right-open-big' data-av_iconset='svg_entypo-fontello' tabindex='-1' title=\"Weiter\"><svg version=\"1.1\" xmlns=\"http:\/\/www.w3.org\/2000\/svg\" width=\"15\" height=\"32\" viewBox=\"0 0 15 32\" preserveAspectRatio=\"xMidYMid meet\" aria-labelledby='av-svg-title-2' aria-describedby='av-svg-desc-2' role=\"graphics-symbol\" aria-hidden=\"true\">\n<title id='av-svg-title-2'>Weiter<\/title>\n<desc id='av-svg-desc-2'>Weiter<\/desc>\n<path d=\"M0.416 27.84l11.456-11.84-11.456-11.904q-0.832-0.832 0-1.536 0.832-0.832 1.536 0l12.544 12.608q0.768 0.832 0 1.6l-12.544 12.608q-0.704 0.832-1.536 0-0.832-0.704 0-1.536z\"><\/path>\n<\/svg><span class='avia_hidden_link_text'>Weiter<\/span><\/a><\/div><div class='avia-slideshow-dots avia-slideshow-controls'><a href='#1' class='goto-slide active' >1<\/a><a href='#2' class='goto-slide ' >2<\/a><a href='#3' class='goto-slide ' >3<\/a><\/div><\/div>\n\n<style type=\"text\/css\" data-created_by=\"avia_inline_auto\" id=\"style-css-av-41nrss-d43d4b4ddbbe46a37c08021632f3e70e\">\n.flex_column.av-41nrss-d43d4b4ddbbe46a37c08021632f3e70e{\nborder-radius:0px 0px 0px 0px;\npadding:0px 0px 0px 0px;\n}\n<\/style>\n<div  class='flex_column av-41nrss-d43d4b4ddbbe46a37c08021632f3e70e av_one_fifth  avia-builder-el-1  el_after_av_slideshow  el_before_av_three_fifth  first flex_column_div av-zero-column-padding  '     ><\/div>\n\n<style type=\"text\/css\" data-created_by=\"avia_inline_auto\" id=\"style-css-av-2kou3w-1961e0bbf507731368807218c7275aab\">\n.flex_column.av-2kou3w-1961e0bbf507731368807218c7275aab{\nborder-radius:0px 0px 0px 0px;\npadding:0px 0px 0px 0px;\n}\n<\/style>\n<div  class='flex_column av-2kou3w-1961e0bbf507731368807218c7275aab av_three_fifth  avia-builder-el-2  el_after_av_one_fifth  avia-builder-el-last  flex_column_div av-zero-column-padding  '     ><p>\n<style type=\"text\/css\" data-created_by=\"avia_inline_auto\" id=\"style-css-av-jy35hbjp-ef10c2fc275cf54a1c58c097b2c1f1a3\">\n#top .av-special-heading.av-jy35hbjp-ef10c2fc275cf54a1c58c097b2c1f1a3{\npadding-bottom:10px;\ncolor:#28532d;\n}\nbody .av-special-heading.av-jy35hbjp-ef10c2fc275cf54a1c58c097b2c1f1a3 .av-special-heading-tag .heading-char{\nfont-size:25px;\n}\n.av-special-heading.av-jy35hbjp-ef10c2fc275cf54a1c58c097b2c1f1a3 .special-heading-inner-border{\nborder-color:#28532d;\n}\n.av-special-heading.av-jy35hbjp-ef10c2fc275cf54a1c58c097b2c1f1a3 .av-subheading{\nfont-size:15px;\n}\n<\/style>\n<div  class='av-special-heading av-jy35hbjp-ef10c2fc275cf54a1c58c097b2c1f1a3 av-special-heading-h1 custom-color-heading blockquote modern-quote  avia-builder-el-3  el_before_av_textblock  avia-builder-el-first  text-transform uppercase'><h1 class='av-special-heading-tag '  itemprop=\"headline\"  >Gewerbepark Blumenstrasse<\/h1><div class=\"special-heading-border\"><div class=\"special-heading-inner-border\"><\/div><\/div><\/div><br \/>\n<section  class='av_textblock_section av-jy2xj0ib-9358a229efc1a9715141a126ec05cb18 '   itemscope=\"itemscope\" itemtype=\"https:\/\/schema.org\/CreativeWork\" ><div class='avia_textblock'  itemprop=\"text\" ><div class=\"paragraph\">\n<p>Arbeiten in einem gepflegten und in Erfurt einmalig gr\u00fcnen Gewerbepark.\u00a0 Handwerker und Gewerbetreibende aus den verschiedensten Gewerken und Branchen haben sich in unserem Gewerbegebiet niedergelassen, wodurch sich \u00fcber die Jahre viele erfolgreiche Synergien ergeben haben und die Zusammenarbeit zwischen den Unternehmen gef\u00f6rdert wird.<\/p>\n<p>Nutzungsbeispiele:<\/p>\n<p>&#8211; B\u00fcror\u00e4ume in unterschiedlichen Gr\u00f6\u00dfen und Varianten<br \/>\n&#8211; Onlinehandel und -versand (Kombination aus B\u00fcro und Lager)<br \/>\n&#8211; Labore<br \/>\n&#8211; Kombinationen von B\u00fcro-\/Gewerbe- und Lagerfl\u00e4chen<br \/>\n&#8211; Archivr\u00e4ume<br \/>\n&#8211; Prober\u00e4ume f\u00fcr Musik<br \/>\n&#8211; Lagerr\u00e4ume f\u00fcr M\u00f6bel, Hausrat, Umzugskartons etc.<br \/>\n&#8211; Stellpl\u00e4tze f\u00fcr PKW und LKW<br \/>\n&#8211; Stellpl\u00e4tze f\u00fcr Wohnmobile\/Wohnwagen (Freifl\u00e4che)<\/p>\n<\/div>\n<div class=\"paragraph\"><\/div>\n<\/div><\/section><br \/>\n\n<style type=\"text\/css\" data-created_by=\"avia_inline_auto\" id=\"style-css-av-jy2y6wmt-cad5bc4053a7737d980a9e04bef81e7e\">\n#top .hr.hr-invisible.av-jy2y6wmt-cad5bc4053a7737d980a9e04bef81e7e{\nheight:50px;\n}\n<\/style>\n<div  class='hr av-jy2y6wmt-cad5bc4053a7737d980a9e04bef81e7e hr-invisible  avia-builder-el-5  el_after_av_textblock  avia-builder-el-last '><span class='hr-inner '><span class=\"hr-inner-style\"><\/span><\/span><\/div><\/p><\/div>\n","protected":false},"excerpt":{"rendered":"","protected":false},"author":1,"featured_media":0,"parent":0,"menu_order":0,"comment_status":"closed","ping_status":"closed","template":"","meta":{"footnotes":""},"class_list":["post-3436","page","type-page","status-publish","hentry"],"_links":{"self":[{"href":"https:\/\/ergewa-erfurt.de\/index.php?rest_route=\/wp\/v2\/pages\/3436","targetHints":{"allow":["GET"]}}],"collection":[{"href":"https:\/\/ergewa-erfurt.de\/index.php?rest_route=\/wp\/v2\/pages"}],"about":[{"href":"https:\/\/ergewa-erfurt.de\/index.php?rest_route=\/wp\/v2\/types\/page"}],"author":[{"embeddable":true,"href":"https:\/\/ergewa-erfurt.de\/index.php?rest_route=\/wp\/v2\/users\/1"}],"replies":[{"embeddable":true,"href":"https:\/\/ergewa-erfurt.de\/index.php?rest_route=%2Fwp%2Fv2%2Fcomments&post=3436"}],"version-history":[{"count":17,"href":"https:\/\/ergewa-erfurt.de\/index.php?rest_route=\/wp\/v2\/pages\/3436\/revisions"}],"predecessor-version":[{"id":3687,"href":"https:\/\/ergewa-erfurt.de\/index.php?rest_route=\/wp\/v2\/pages\/3436\/revisions\/3687"}],"wp:attachment":[{"href":"https:\/\/ergewa-erfurt.de\/index.php?rest_route=%2Fwp%2Fv2%2Fmedia&parent=3436"}],"curies":[{"name":"wp","href":"https:\/\/api.w.org\/{rel}","templated":true}]}}