{"id":3358,"date":"2019-03-24T13:40:49","date_gmt":"2019-03-24T13:40:49","guid":{"rendered":"https:\/\/ergewa-erfurt.de\/?page_id=3358"},"modified":"2023-02-05T12:09:11","modified_gmt":"2023-02-05T12:09:11","slug":"willkommen","status":"publish","type":"page","link":"https:\/\/ergewa-erfurt.de\/","title":{"rendered":"Willkommen"},"content":{"rendered":"\n<style type=\"text\/css\" data-created_by=\"avia_inline_auto\" id=\"style-css-av-5btpzi-496a5df14791077fe1207f615388d60a\">\n.flex_column.av-5btpzi-496a5df14791077fe1207f615388d60a{\nborder-radius:0px 0px 0px 0px;\npadding:0px 0px 0px 0px;\n}\n<\/style>\n<div  class='flex_column av-5btpzi-496a5df14791077fe1207f615388d60a av_one_full  avia-builder-el-0  el_before_av_one_fifth  avia-builder-el-first  first flex_column_div av-zero-column-padding  '     ><div  class='avia-slideshow av-jy7bo7mw-f714d6ad770383bb310f9fb62b4b55fd avia-slideshow-featured av_slideshow avia-fade-slider  avia-builder-el-1  avia-builder-el-no-sibling  av-slideshow-ui av-control-default av-slideshow-autoplay av-loop-endless av-loop-manual-endless av-default-height-applied avia-slideshow-1' data-slideshow-options=\"{&quot;animation&quot;:&quot;fade&quot;,&quot;autoplay&quot;:true,&quot;loop_autoplay&quot;:&quot;endless&quot;,&quot;interval&quot;:5,&quot;loop_manual&quot;:&quot;manual-endless&quot;,&quot;autoplay_stopper&quot;:false,&quot;noNavigation&quot;:false,&quot;bg_slider&quot;:false,&quot;keep_padding&quot;:false,&quot;hoverpause&quot;:false,&quot;show_slide_delay&quot;:0}\"  itemprop=\"image\" itemscope=\"itemscope\" itemtype=\"https:\/\/schema.org\/ImageObject\" ><ul class='avia-slideshow-inner ' style='padding-bottom: 34.791666666667%;'><li  class='avia-slideshow-slide av-jy7bo7mw-f714d6ad770383bb310f9fb62b4b55fd__0  slide-1 slide-odd'><div data-rel='slideshow-1' class='avia-slide-wrap '   ><img decoding=\"async\" fetchpriority=\"high\" class=\"wp-image-3688 avia-img-lazy-loading-not-3688\"  src=\"https:\/\/ergewa-erfurt.de\/wp-content\/uploads\/2020\/08\/luft_eyecatcher.jpg\" width=\"960\" height=\"334\" title='luft_eyecatcher' alt=''  itemprop=\"thumbnailUrl\" srcset=\"https:\/\/ergewa-erfurt.de\/wp-content\/uploads\/2020\/08\/luft_eyecatcher.jpg 960w, https:\/\/ergewa-erfurt.de\/wp-content\/uploads\/2020\/08\/luft_eyecatcher-300x104.jpg 300w, https:\/\/ergewa-erfurt.de\/wp-content\/uploads\/2020\/08\/luft_eyecatcher-768x267.jpg 768w, https:\/\/ergewa-erfurt.de\/wp-content\/uploads\/2020\/08\/luft_eyecatcher-705x245.jpg 705w\" sizes=\"(max-width: 960px) 100vw, 960px\" \/><\/div><\/li><li  class='avia-slideshow-slide av-jy7bo7mw-f714d6ad770383bb310f9fb62b4b55fd__1  slide-2 slide-even'><div data-rel='slideshow-1' class='avia-slide-wrap '   ><img decoding=\"async\" fetchpriority=\"high\" class=\"wp-image-3631 avia-img-lazy-loading-not-3631\"  src=\"https:\/\/ergewa-erfurt.de\/wp-content\/uploads\/2019\/07\/ergewa-1-1-1500x430.jpg\" width=\"1500\" height=\"430\" title='ergewa (1)' alt=''  itemprop=\"thumbnailUrl\"   \/><\/div><\/li><li  class='avia-slideshow-slide av-jy7bo7mw-f714d6ad770383bb310f9fb62b4b55fd__2  slide-3 slide-odd'><div data-rel='slideshow-1' class='avia-slide-wrap '   ><img decoding=\"async\" fetchpriority=\"high\" class=\"wp-image-3681 avia-img-lazy-loading-not-3681\"  src=\"https:\/\/ergewa-erfurt.de\/wp-content\/uploads\/2020\/08\/ergewa-garagen-1500x430.jpg\" width=\"1500\" height=\"430\" title='ergewa-garagen' alt=''  itemprop=\"thumbnailUrl\"   \/><\/div><\/li><li  class='avia-slideshow-slide av-jy7bo7mw-f714d6ad770383bb310f9fb62b4b55fd__3  slide-4 slide-even'><div data-rel='slideshow-1' class='avia-slide-wrap '   ><img decoding=\"async\" fetchpriority=\"high\" class=\"wp-image-3643 avia-img-lazy-loading-not-3643\"  src=\"https:\/\/ergewa-erfurt.de\/wp-content\/uploads\/2019\/07\/ergewa-7-1500x430.jpg\" width=\"1500\" height=\"430\" title='ergewa (7)' alt=''  itemprop=\"thumbnailUrl\"   \/><\/div><\/li><li  class='avia-slideshow-slide av-jy7bo7mw-f714d6ad770383bb310f9fb62b4b55fd__4  slide-5 slide-odd'><div data-rel='slideshow-1' class='avia-slide-wrap '   ><img decoding=\"async\" fetchpriority=\"high\" class=\"wp-image-3709 avia-img-lazy-loading-not-3709\"  src=\"https:\/\/ergewa-erfurt.de\/wp-content\/uploads\/2023\/02\/20221119_090851-1500x430.jpg\" width=\"1500\" height=\"430\" title='20221119_090851' alt=''  itemprop=\"thumbnailUrl\"   \/><\/div><\/li><\/ul><div class='avia-slideshow-arrows avia-slideshow-controls' ><a href='#prev' class='prev-slide  avia-svg-icon avia-font-svg_entypo-fontello' data-av_svg_icon='left-open-big' data-av_iconset='svg_entypo-fontello' tabindex='-1' title=\"Zur\u00fcck\"><svg version=\"1.1\" xmlns=\"http:\/\/www.w3.org\/2000\/svg\" width=\"15\" height=\"32\" viewBox=\"0 0 15 32\" preserveAspectRatio=\"xMidYMid meet\" aria-labelledby='av-svg-title-1' aria-describedby='av-svg-desc-1' role=\"graphics-symbol\" aria-hidden=\"true\">\n<title id='av-svg-title-1'>Zur\u00fcck<\/title>\n<desc id='av-svg-desc-1'>Zur\u00fcck<\/desc>\n<path d=\"M14.464 27.84q0.832 0.832 0 1.536-0.832 0.832-1.536 0l-12.544-12.608q-0.768-0.768 0-1.6l12.544-12.608q0.704-0.832 1.536 0 0.832 0.704 0 1.536l-11.456 11.904z\"><\/path>\n<\/svg><span class='avia_hidden_link_text'>Zur\u00fcck<\/span><\/a><a href='#next' class='next-slide  avia-svg-icon avia-font-svg_entypo-fontello' data-av_svg_icon='right-open-big' data-av_iconset='svg_entypo-fontello' tabindex='-1' title=\"Weiter\"><svg version=\"1.1\" xmlns=\"http:\/\/www.w3.org\/2000\/svg\" width=\"15\" height=\"32\" viewBox=\"0 0 15 32\" preserveAspectRatio=\"xMidYMid meet\" aria-labelledby='av-svg-title-2' aria-describedby='av-svg-desc-2' role=\"graphics-symbol\" aria-hidden=\"true\">\n<title id='av-svg-title-2'>Weiter<\/title>\n<desc id='av-svg-desc-2'>Weiter<\/desc>\n<path d=\"M0.416 27.84l11.456-11.84-11.456-11.904q-0.832-0.832 0-1.536 0.832-0.832 1.536 0l12.544 12.608q0.768 0.832 0 1.6l-12.544 12.608q-0.704 0.832-1.536 0-0.832-0.704 0-1.536z\"><\/path>\n<\/svg><span class='avia_hidden_link_text'>Weiter<\/span><\/a><\/div><div class='avia-slideshow-dots avia-slideshow-controls'><a href='#1' class='goto-slide active' >1<\/a><a href='#2' class='goto-slide ' >2<\/a><a href='#3' class='goto-slide ' >3<\/a><a href='#4' class='goto-slide ' >4<\/a><a href='#5' class='goto-slide ' >5<\/a><\/div><\/div><\/div>\n\n<style type=\"text\/css\" data-created_by=\"avia_inline_auto\" id=\"style-css-av-39hje6-bd6ad46bafbebfde49f005541f104a65\">\n.flex_column.av-39hje6-bd6ad46bafbebfde49f005541f104a65{\nborder-radius:0px 0px 0px 0px;\npadding:0px 0px 0px 0px;\n}\n<\/style>\n<div  class='flex_column av-39hje6-bd6ad46bafbebfde49f005541f104a65 av_one_fifth  avia-builder-el-2  el_after_av_one_full  el_before_av_three_fifth  first flex_column_div av-zero-column-padding  column-top-margin'     ><\/div>\n\n<style type=\"text\/css\" data-created_by=\"avia_inline_auto\" id=\"style-css-av-ab172m-5e1cd763100a0b4cae348d0183e20707\">\n.flex_column.av-ab172m-5e1cd763100a0b4cae348d0183e20707{\nborder-radius:0px 0px 0px 0px;\npadding:0px 0px 0px 0px;\n}\n<\/style>\n<div  class='flex_column av-ab172m-5e1cd763100a0b4cae348d0183e20707 av_three_fifth  avia-builder-el-3  el_after_av_one_fifth  el_before_av_one_fifth  flex_column_div av-zero-column-padding  column-top-margin'     ><p>\n<style type=\"text\/css\" data-created_by=\"avia_inline_auto\" id=\"style-css-av-jy388b19-9cb491dadfe6587238a1821a7ca9ef65\">\n#top .av-special-heading.av-jy388b19-9cb491dadfe6587238a1821a7ca9ef65{\npadding-bottom:10px;\ncolor:#28532d;\n}\nbody .av-special-heading.av-jy388b19-9cb491dadfe6587238a1821a7ca9ef65 .av-special-heading-tag .heading-char{\nfont-size:25px;\n}\n.av-special-heading.av-jy388b19-9cb491dadfe6587238a1821a7ca9ef65 .special-heading-inner-border{\nborder-color:#28532d;\n}\n.av-special-heading.av-jy388b19-9cb491dadfe6587238a1821a7ca9ef65 .av-subheading{\nfont-size:15px;\n}\n<\/style>\n<div  class='av-special-heading av-jy388b19-9cb491dadfe6587238a1821a7ca9ef65 av-special-heading-h1 custom-color-heading blockquote modern-quote modern-centered  avia-builder-el-4  el_before_av_textblock  avia-builder-el-first '><h1 class='av-special-heading-tag '  itemprop=\"headline\"  >Willkommen !<\/h1><div class=\"special-heading-border\"><div class=\"special-heading-inner-border\"><\/div><\/div><\/div><br \/>\n<section  class='av_textblock_section av-jtmyw8ou-2e018c2b9bc23f07e8ed8234748e25e7 '   itemscope=\"itemscope\" itemtype=\"https:\/\/schema.org\/CreativeWork\" ><div class='avia_textblock'  itemprop=\"text\" ><p>Die \u00a0ergewa Verwaltungs- und Verm\u00f6gensgesellschaft bietet seit \u00fcber 30 Jahren individuelle Gewerbe-, B\u00fcro- und Wohnimmobilien in Erfurt an.<\/p>\n<p>An 3 Standorten bieten wir B\u00fcro- &amp; Gewerbefl\u00e4chen im Stadtgebiet an. Im Ortsteil Gispersleben und in Witterda , eine Gemeinde vor den Toren der Stadt, bieten wir Wohnungen an.<\/p>\n<\/div><\/section><br \/>\n\n<style type=\"text\/css\" data-created_by=\"avia_inline_auto\" id=\"style-css-av-jy388b19-9-b51757ebcf3e611956b9f53473407ae2\">\n#top .av-special-heading.av-jy388b19-9-b51757ebcf3e611956b9f53473407ae2{\npadding-bottom:10px;\n}\nbody .av-special-heading.av-jy388b19-9-b51757ebcf3e611956b9f53473407ae2 .av-special-heading-tag .heading-char{\nfont-size:25px;\n}\n.av-special-heading.av-jy388b19-9-b51757ebcf3e611956b9f53473407ae2 .av-subheading{\nfont-size:15px;\n}\n<\/style>\n<div  class='av-special-heading av-jy388b19-9-b51757ebcf3e611956b9f53473407ae2 av-special-heading-h3 blockquote modern-quote modern-centered  avia-builder-el-6  el_after_av_textblock  avia-builder-el-last '><h3 class='av-special-heading-tag '  itemprop=\"headline\"  >ergewa &#8211; Raum f\u00fcr M\u00f6glichkeiten!<\/h3><div class=\"special-heading-border\"><div class=\"special-heading-inner-border\"><\/div><\/div><\/div><\/p><\/div>\n\n<style type=\"text\/css\" data-created_by=\"avia_inline_auto\" id=\"style-css-av-39hje6-10-bc2e4cfb00060f226544f9ee148fa477\">\n.flex_column.av-39hje6-10-bc2e4cfb00060f226544f9ee148fa477{\nborder-radius:0px 0px 0px 0px;\npadding:0px 0px 0px 0px;\n}\n<\/style>\n<div  class='flex_column av-39hje6-10-bc2e4cfb00060f226544f9ee148fa477 av_one_fifth  avia-builder-el-7  el_after_av_three_fifth  el_before_av_one_fifth  flex_column_div av-zero-column-padding  column-top-margin'     ><\/div>\n<div class='flex_column_table av-22etry-f920ee0e05bcc6106796eb6c243a54fb sc-av_one_fifth av-equal-height-column-flextable'>\n<style type=\"text\/css\" data-created_by=\"avia_inline_auto\" id=\"style-css-av-22etry-f920ee0e05bcc6106796eb6c243a54fb\">\n.flex_column.av-22etry-f920ee0e05bcc6106796eb6c243a54fb{\nborder-width:2px;\nborder-color:#28532d;\nborder-style:solid;\nborder-radius:0px 0px 0px 0px;\npadding:0px 0px 0px 0px;\n}\n<\/style>\n<div  class='flex_column av-22etry-f920ee0e05bcc6106796eb6c243a54fb av_one_fifth  avia-builder-el-8  el_after_av_one_fifth  el_before_av_one_fifth  first flex_column_table_cell av-equal-height-column av-align-top av-animated-generic fade-in av-zero-column-padding  column-top-margin'     ><article  class='iconbox iconbox_top av-jy39szch-e97ef536f64124bcce7800658b1a05b0  avia-builder-el-9  avia-builder-el-no-sibling  main_color'  itemscope=\"itemscope\" itemtype=\"https:\/\/schema.org\/CreativeWork\" ><div class=\"iconbox_content\"><header class=\"entry-content-header\" aria-label=\"Icon: B\u00fcros\"><div class='iconbox_icon heading-color avia-iconfont avia-font-entypo-fontello' data-av_icon='\ue821' data-av_iconfont='entypo-fontello'  ><\/div><h3 class='iconbox_content_title '  itemprop=\"headline\" >B\u00fcros<\/h3><\/header><div class='iconbox_content_container '  itemprop=\"text\" ><\/div><\/div><footer class=\"entry-footer\"><\/footer><\/article><\/div><div class='av-flex-placeholder'><\/div>\n<style type=\"text\/css\" data-created_by=\"avia_inline_auto\" id=\"style-css-av-22etry-8-df9b652b2adf3705723ba37565c84388\">\n.flex_column.av-22etry-8-df9b652b2adf3705723ba37565c84388{\nborder-width:2px;\nborder-color:#28532d;\nborder-style:solid;\nborder-radius:0px 0px 0px 0px;\npadding:0px 0px 0px 0px;\n}\n<\/style>\n<div  class='flex_column av-22etry-8-df9b652b2adf3705723ba37565c84388 av_one_fifth  avia-builder-el-10  el_after_av_one_fifth  el_before_av_one_fifth  flex_column_table_cell av-equal-height-column av-align-top av-animated-generic fade-in av-zero-column-padding  column-top-margin'     ><article  class='iconbox iconbox_top av-jy39szch-7-f13c4b4441fe7c205ecb05065ed907aa  avia-builder-el-11  avia-builder-el-no-sibling  main_color'  itemscope=\"itemscope\" itemtype=\"https:\/\/schema.org\/CreativeWork\" ><div class=\"iconbox_content\"><header class=\"entry-content-header\" aria-label=\"Icon: Gewerbe\"><div class='iconbox_icon heading-color avia-iconfont avia-font-entypo-fontello' data-av_icon='\ue856' data-av_iconfont='entypo-fontello'  ><\/div><h3 class='iconbox_content_title '  itemprop=\"headline\" >Gewerbe<\/h3><\/header><div class='iconbox_content_container '  itemprop=\"text\" ><\/div><\/div><footer class=\"entry-footer\"><\/footer><\/article><\/div><div class='av-flex-placeholder'><\/div>\n<style type=\"text\/css\" data-created_by=\"avia_inline_auto\" id=\"style-css-av-22etry-6-78dcc843382d13352693ca1c2ed3464f\">\n.flex_column.av-22etry-6-78dcc843382d13352693ca1c2ed3464f{\nborder-width:2px;\nborder-color:#28532d;\nborder-style:solid;\nborder-radius:0px 0px 0px 0px;\npadding:0px 0px 0px 0px;\n}\n<\/style>\n<div  class='flex_column av-22etry-6-78dcc843382d13352693ca1c2ed3464f av_one_fifth  avia-builder-el-12  el_after_av_one_fifth  el_before_av_one_fifth  flex_column_table_cell av-equal-height-column av-align-top av-animated-generic fade-in av-zero-column-padding  column-top-margin'     ><article  class='iconbox iconbox_top av-jy39szch-5-924fcc5c35eb212f57ce675df878a1c6  avia-builder-el-13  avia-builder-el-no-sibling  main_color'  itemscope=\"itemscope\" itemtype=\"https:\/\/schema.org\/CreativeWork\" ><div class=\"iconbox_content\"><header class=\"entry-content-header\" aria-label=\"Icon: Lager \/ Archiv\"><div class='iconbox_icon heading-color avia-iconfont avia-font-entypo-fontello' data-av_icon='\ue852' data-av_iconfont='entypo-fontello'  ><\/div><h3 class='iconbox_content_title '  itemprop=\"headline\" >Lager \/ Archiv<\/h3><\/header><div class='iconbox_content_container '  itemprop=\"text\" ><\/div><\/div><footer class=\"entry-footer\"><\/footer><\/article><\/div><div class='av-flex-placeholder'><\/div>\n<style type=\"text\/css\" data-created_by=\"avia_inline_auto\" id=\"style-css-av-22etry-4-6b5f1f7de5abcc28890d20aa0b9d14a8\">\n.flex_column.av-22etry-4-6b5f1f7de5abcc28890d20aa0b9d14a8{\nborder-width:2px;\nborder-color:#28532d;\nborder-style:solid;\nborder-radius:0px 0px 0px 0px;\npadding:0px 0px 0px 0px;\n}\n<\/style>\n<div  class='flex_column av-22etry-4-6b5f1f7de5abcc28890d20aa0b9d14a8 av_one_fifth  avia-builder-el-14  el_after_av_one_fifth  el_before_av_one_fifth  flex_column_table_cell av-equal-height-column av-align-top av-animated-generic fade-in av-zero-column-padding  column-top-margin'     ><article  class='iconbox iconbox_top av-jy39szch-3-2736596bc07b0d16197ffe7646961416  avia-builder-el-15  avia-builder-el-no-sibling  main_color'  itemscope=\"itemscope\" itemtype=\"https:\/\/schema.org\/CreativeWork\" ><div class=\"iconbox_content\"><header class=\"entry-content-header\" aria-label=\"Icon: Stellfl\u00e4chen\"><div class='iconbox_icon heading-color avia-iconfont avia-font-entypo-fontello' data-av_icon='\ue812' data-av_iconfont='entypo-fontello'  ><\/div><h3 class='iconbox_content_title '  itemprop=\"headline\" >Stellfl\u00e4chen<\/h3><\/header><div class='iconbox_content_container '  itemprop=\"text\" ><\/div><\/div><footer class=\"entry-footer\"><\/footer><\/article><\/div><div class='av-flex-placeholder'><\/div>\n<style type=\"text\/css\" data-created_by=\"avia_inline_auto\" id=\"style-css-av-22etry-2-f91d71524b48627ea25c064a786d72ed\">\n.flex_column.av-22etry-2-f91d71524b48627ea25c064a786d72ed{\nborder-width:2px;\nborder-color:#28532d;\nborder-style:solid;\nborder-radius:0px 0px 0px 0px;\npadding:0px 0px 0px 0px;\n}\n<\/style>\n<div  class='flex_column av-22etry-2-f91d71524b48627ea25c064a786d72ed av_one_fifth  avia-builder-el-16  el_after_av_one_fifth  avia-builder-el-last  flex_column_table_cell av-equal-height-column av-align-top av-animated-generic fade-in av-zero-column-padding  column-top-margin'     ><article  class='iconbox iconbox_top av-jy39szch-1-23b9ffc40e72cc6e04f4f7b788bdb224  avia-builder-el-17  avia-builder-el-no-sibling  main_color'  itemscope=\"itemscope\" itemtype=\"https:\/\/schema.org\/CreativeWork\" ><div class=\"iconbox_content\"><header class=\"entry-content-header\" aria-label=\"Icon: Wohnungen\"><div class='iconbox_icon heading-color avia-iconfont avia-font-entypo-fontello' data-av_icon='\ue821' data-av_iconfont='entypo-fontello'  ><\/div><h3 class='iconbox_content_title '  itemprop=\"headline\" >Wohnungen<\/h3><\/header><div class='iconbox_content_container '  itemprop=\"text\" ><\/div><\/div><footer class=\"entry-footer\"><\/footer><\/article><\/div><\/div><!--close column table wrapper. Autoclose: 1 --><\/p>\n","protected":false},"excerpt":{"rendered":"","protected":false},"author":1,"featured_media":0,"parent":0,"menu_order":0,"comment_status":"closed","ping_status":"closed","template":"","meta":{"footnotes":""},"class_list":["post-3358","page","type-page","status-publish","hentry"],"_links":{"self":[{"href":"https:\/\/ergewa-erfurt.de\/index.php?rest_route=\/wp\/v2\/pages\/3358","targetHints":{"allow":["GET"]}}],"collection":[{"href":"https:\/\/ergewa-erfurt.de\/index.php?rest_route=\/wp\/v2\/pages"}],"about":[{"href":"https:\/\/ergewa-erfurt.de\/index.php?rest_route=\/wp\/v2\/types\/page"}],"author":[{"embeddable":true,"href":"https:\/\/ergewa-erfurt.de\/index.php?rest_route=\/wp\/v2\/users\/1"}],"replies":[{"embeddable":true,"href":"https:\/\/ergewa-erfurt.de\/index.php?rest_route=%2Fwp%2Fv2%2Fcomments&post=3358"}],"version-history":[{"count":22,"href":"https:\/\/ergewa-erfurt.de\/index.php?rest_route=\/wp\/v2\/pages\/3358\/revisions"}],"predecessor-version":[{"id":3712,"href":"https:\/\/ergewa-erfurt.de\/index.php?rest_route=\/wp\/v2\/pages\/3358\/revisions\/3712"}],"wp:attachment":[{"href":"https:\/\/ergewa-erfurt.de\/index.php?rest_route=%2Fwp%2Fv2%2Fmedia&parent=3358"}],"curies":[{"name":"wp","href":"https:\/\/api.w.org\/{rel}","templated":true}]}}